{"id":3149,"date":"2020-03-12T16:06:31","date_gmt":"2020-03-12T16:06:31","guid":{"rendered":"http:\/\/www.gemeinde.jezuici.pl\/?page_id=3149"},"modified":"2021-01-12T13:34:59","modified_gmt":"2021-01-12T13:34:59","slug":"seelsorge-in-sankt-barbara","status":"publish","type":"page","link":"https:\/\/gemeinde.jezuici.pl\/?page_id=3149","title":{"rendered":"Seelsorge und Kontakt"},"content":{"rendered":"<p>[et_pb_section fb_built=&#8220;1&#8243; admin_label=&#8220;section&#8220; _builder_version=&#8220;3.22&#8243;][et_pb_row admin_label=&#8220;row&#8220; _builder_version=&#8220;3.25&#8243; background_size=&#8220;initial&#8220; background_position=&#8220;top_left&#8220; background_repeat=&#8220;repeat&#8220;][et_pb_column type=&#8220;4_4&#8243; _builder_version=&#8220;3.25&#8243; custom_padding=&#8220;|||&#8220; custom_padding__hover=&#8220;|||&#8220;][et_pb_text admin_label=&#8220;Text&#8220; _builder_version=&#8220;4.7.7&#8243; background_size=&#8220;initial&#8220; background_position=&#8220;top_left&#8220; background_repeat=&#8220;repeat&#8220; hover_enabled=&#8220;0&#8243; sticky_enabled=&#8220;0&#8243;]<\/p>\n<p style=\"text-align: justify\">In Folge der Hygiene-Massnahmen gegen die Covid-19 Pandemie werden von der deutschsprachigen Gemeinde Sankt Barbara bei den Jesuiten in Krakau nach dem Stand der Dinge Vorkehrungen getroffen, um das Risiko f\u00fcr die Messbesucher und Gemeindemitglieder&nbsp; zu vermindern, indem Konzerte, Gemeindetreffen und der Bibelkreis bis auf weiteres entfallen. Doch so weit wie m\u00f6glich soll der Kontakt zur Gemeinde und die Seelsorge aufrecht erhalten bleiben.<\/p>\n<p style=\"text-align: justify\">F\u00fcr Ausk\u00fcnfte \u00fcber unsere Gemeinde beziehungsweise f\u00fcr ein individuelles geistliches Gespr\u00e4ch steht der Leiter der deutschsprachigen Gemeinde,<br \/><strong>Pater Szepan Urbaniak SJ<\/strong> zur Verf\u00fcgung.<\/p>\n<p style=\"text-align: justify\">M\u00f6ge Gott uns beistehen, diese schwierigen Zeiten unbeschadet zu \u00fcberstehen, als Gl\u00e4ubige, christliche Gemeinde und Kirche.<\/p>\n<p>[\/et_pb_text][et_pb_code _builder_version=&#8220;4.7.7&#8243; hover_enabled=&#8220;0&#8243; sticky_enabled=&#8220;0&#8243;]<\/p>\n<table id=\"kontakt\" align=\"center\"><!-- [et_pb_line_break_holder] -->  <!-- [et_pb_line_break_holder] --><\/p>\n<tr><!-- [et_pb_line_break_holder] -->  <\/p>\n<td style=\"vertical-align: center\"><!-- [et_pb_line_break_holder] -->  <img decoding=\"async\" src=\"https:\/\/www.gemeinde.jezuici.pl\/files\/2020\/05\/smartphone.png\" width=\"50px\"><!-- [et_pb_line_break_holder] -->  <\/td>\n<p><!-- [et_pb_line_break_holder] -->  <\/p>\n<td><b>+48<\/b> 797 907 611<\/b><!-- [et_pb_line_break_holder] -->  <\/td>\n<\/tr>\n<p><!-- [et_pb_line_break_holder] --><\/table>\n<p>[\/et_pb_code][et_pb_contact_form _builder_version=&#8220;4.4.7&#8243; hover_enabled=&#8220;0&#8243; sticky_enabled=&#8220;0&#8243;][et_pb_contact_field field_id=&#8220;Name&#8220; field_title=&#8220;Nazwa&#8220; _builder_version=&#8220;3.16&#8243; button_text_size__hover_enabled=&#8220;off&#8220; button_one_text_size__hover_enabled=&#8220;off&#8220; button_two_text_size__hover_enabled=&#8220;off&#8220; button_text_color__hover_enabled=&#8220;off&#8220; button_one_text_color__hover_enabled=&#8220;off&#8220; button_two_text_color__hover_enabled=&#8220;off&#8220; button_border_width__hover_enabled=&#8220;off&#8220; button_one_border_width__hover_enabled=&#8220;off&#8220; button_two_border_width__hover_enabled=&#8220;off&#8220; button_border_color__hover_enabled=&#8220;off&#8220; button_one_border_color__hover_enabled=&#8220;off&#8220; button_two_border_color__hover_enabled=&#8220;off&#8220; button_border_radius__hover_enabled=&#8220;off&#8220; button_one_border_radius__hover_enabled=&#8220;off&#8220; button_two_border_radius__hover_enabled=&#8220;off&#8220; button_letter_spacing__hover_enabled=&#8220;off&#8220; button_one_letter_spacing__hover_enabled=&#8220;off&#8220; button_two_letter_spacing__hover_enabled=&#8220;off&#8220; button_bg_color__hover_enabled=&#8220;off&#8220; button_one_bg_color__hover_enabled=&#8220;off&#8220; button_two_bg_color__hover_enabled=&#8220;off&#8220;][\/et_pb_contact_field][et_pb_contact_field field_id=&#8220;Email&#8220; field_title=&#8220;Adres mejlowy&#8220; field_type=&#8220;email&#8220; _builder_version=&#8220;3.16&#8243; button_text_size__hover_enabled=&#8220;off&#8220; button_one_text_size__hover_enabled=&#8220;off&#8220; button_two_text_size__hover_enabled=&#8220;off&#8220; button_text_color__hover_enabled=&#8220;off&#8220; button_one_text_color__hover_enabled=&#8220;off&#8220; button_two_text_color__hover_enabled=&#8220;off&#8220; button_border_width__hover_enabled=&#8220;off&#8220; button_one_border_width__hover_enabled=&#8220;off&#8220; button_two_border_width__hover_enabled=&#8220;off&#8220; button_border_color__hover_enabled=&#8220;off&#8220; button_one_border_color__hover_enabled=&#8220;off&#8220; button_two_border_color__hover_enabled=&#8220;off&#8220; button_border_radius__hover_enabled=&#8220;off&#8220; button_one_border_radius__hover_enabled=&#8220;off&#8220; button_two_border_radius__hover_enabled=&#8220;off&#8220; button_letter_spacing__hover_enabled=&#8220;off&#8220; button_one_letter_spacing__hover_enabled=&#8220;off&#8220; button_two_letter_spacing__hover_enabled=&#8220;off&#8220; button_bg_color__hover_enabled=&#8220;off&#8220; button_one_bg_color__hover_enabled=&#8220;off&#8220; button_two_bg_color__hover_enabled=&#8220;off&#8220;][\/et_pb_contact_field][et_pb_contact_field field_id=&#8220;Message&#8220; field_title=&#8220;Wiadomo\u015b\u0107&#8220; field_type=&#8220;text&#8220; fullwidth_field=&#8220;on&#8220; _builder_version=&#8220;3.16&#8243; button_text_size__hover_enabled=&#8220;off&#8220; button_one_text_size__hover_enabled=&#8220;off&#8220; button_two_text_size__hover_enabled=&#8220;off&#8220; button_text_color__hover_enabled=&#8220;off&#8220; button_one_text_color__hover_enabled=&#8220;off&#8220; button_two_text_color__hover_enabled=&#8220;off&#8220; button_border_width__hover_enabled=&#8220;off&#8220; button_one_border_width__hover_enabled=&#8220;off&#8220; button_two_border_width__hover_enabled=&#8220;off&#8220; button_border_color__hover_enabled=&#8220;off&#8220; button_one_border_color__hover_enabled=&#8220;off&#8220; button_two_border_color__hover_enabled=&#8220;off&#8220; button_border_radius__hover_enabled=&#8220;off&#8220; button_one_border_radius__hover_enabled=&#8220;off&#8220; button_two_border_radius__hover_enabled=&#8220;off&#8220; button_letter_spacing__hover_enabled=&#8220;off&#8220; button_one_letter_spacing__hover_enabled=&#8220;off&#8220; button_two_letter_spacing__hover_enabled=&#8220;off&#8220; button_bg_color__hover_enabled=&#8220;off&#8220; button_one_bg_color__hover_enabled=&#8220;off&#8220; button_two_bg_color__hover_enabled=&#8220;off&#8220;][\/et_pb_contact_field][\/et_pb_contact_form][\/et_pb_column][\/et_pb_row][\/et_pb_section]<\/p>\n","protected":false},"excerpt":{"rendered":"<p>In Folge der Hygiene-Massnahmen gegen die Covid-19 Pandemie werden von der deutschsprachigen Gemeinde Sankt Barbara bei den Jesuiten in Krakau nach dem Stand der Dinge Vorkehrungen getroffen, um das Risiko f\u00fcr die Messbesucher und Gemeindemitglieder&nbsp; zu vermindern, indem Konzerte, Gemeindetreffen und der Bibelkreis bis auf weiteres entfallen. Doch so weit wie m\u00f6glich soll der Kontakt [&hellip;]<\/p>\n","protected":false},"author":5,"featured_media":0,"parent":0,"menu_order":7,"comment_status":"closed","ping_status":"closed","template":"","meta":{"_et_pb_use_builder":"on","_et_pb_old_content":"<p style=\"text-align: justify;\"><a href=\"http:\/\/www.gemeinde.jezuici.plezuici.pl\/wp-content\/blogs.dir\/133\/files\/2020\/03\/seelsorge_m_baran.jpg\"><img class=\"wp-image-3336 alignleft\" src=\"http:\/\/www.gemeinde.jezuici.plezuici.pl\/wp-content\/blogs.dir\/133\/files\/2020\/03\/seelsorge_m_baran.jpg\" alt=\"Seelsorge Sankt Barbara Krakau\" width=\"271\" height=\"271\" \/><\/a>In Folge der Hygiene-Massnahmen gegen die Covid-19 Pandemie werden von der deutschsprachigen Gemeinde Sankt Barbara bei den Jesuiten in Krakau nach dem Stand der Dinge Vorkehrungen getroffen, um das Risiko f\u00fcr die Messbesucher und Gemeindemitglieder\u00a0 zu vermindern, indem Konzerte, Gemeindetreffen und der Bibelkreis bis auf weiteres entfallen. Doch so weit wie m\u00f6glich soll der Kontakt zur Gemeinde und die Seelsorge aufrecht erhalten bleiben.<\/p>\r\n<p style=\"text-align: justify;\">F\u00fcr Ausk\u00fcnfte \u00fcber unsere Gemeinde beziehungsweise f\u00fcr ein individuelles geistliches Gespr\u00e4ch steht der Leiter der deutschsprachigen Gemeinde, <strong>Pater Marcin Baran SJ<\/strong> zur Verf\u00fcgung.<\/p>\r\n<p style=\"text-align: justify;\">M\u00f6ge Gott uns beistehen, diese schwierigen Zeiten unbeschadet zu \u00fcberstehen, als Gl\u00e4ubige, christliche Gemeinde und Kirche.<\/p>","_et_gb_content_width":"","ngg_post_thumbnail":0,"footnotes":""},"class_list":["post-3149","page","type-page","status-publish","hentry"],"_links":{"self":[{"href":"https:\/\/gemeinde.jezuici.pl\/index.php?rest_route=\/wp\/v2\/pages\/3149","targetHints":{"allow":["GET"]}}],"collection":[{"href":"https:\/\/gemeinde.jezuici.pl\/index.php?rest_route=\/wp\/v2\/pages"}],"about":[{"href":"https:\/\/gemeinde.jezuici.pl\/index.php?rest_route=\/wp\/v2\/types\/page"}],"author":[{"embeddable":true,"href":"https:\/\/gemeinde.jezuici.pl\/index.php?rest_route=\/wp\/v2\/users\/5"}],"replies":[{"embeddable":true,"href":"https:\/\/gemeinde.jezuici.pl\/index.php?rest_route=%2Fwp%2Fv2%2Fcomments&post=3149"}],"version-history":[{"count":11,"href":"https:\/\/gemeinde.jezuici.pl\/index.php?rest_route=\/wp\/v2\/pages\/3149\/revisions"}],"predecessor-version":[{"id":5633,"href":"https:\/\/gemeinde.jezuici.pl\/index.php?rest_route=\/wp\/v2\/pages\/3149\/revisions\/5633"}],"wp:attachment":[{"href":"https:\/\/gemeinde.jezuici.pl\/index.php?rest_route=%2Fwp%2Fv2%2Fmedia&parent=3149"}],"curies":[{"name":"wp","href":"https:\/\/api.w.org\/{rel}","templated":true}]}}