{"id":16,"date":"2009-10-27T16:36:22","date_gmt":"2009-10-27T16:36:22","guid":{"rendered":"http:\/\/www.jezuici.pl\/gemeinde\/?page_id=16"},"modified":"2024-02-28T09:46:04","modified_gmt":"2024-02-28T09:46:04","slug":"messe","status":"publish","type":"page","link":"https:\/\/gemeinde.jezuici.pl\/?page_id=16","title":{"rendered":"Heilige Messe"},"content":{"rendered":"<p>[et_pb_section fb_built=&#8220;1&#8243; _builder_version=&#8220;4.16&#8243; global_colors_info=&#8220;{}&#8220;][et_pb_row column_structure=&#8220;1_2,1_2&#8243; _builder_version=&#8220;4.16&#8243; _module_preset=&#8220;default&#8220; global_colors_info=&#8220;{}&#8220;][et_pb_column type=&#8220;1_2&#8243; _builder_version=&#8220;4.16&#8243; _module_preset=&#8220;default&#8220; global_colors_info=&#8220;{}&#8220;][et_pb_image src=&#8220;https:\/\/www.gemeinde.jezuici.pl\/files\/2009\/10\/aushang_st_barbara_dark.jpg&#8220; title_text=&#8220;aushang_st_barbara&#8220; _builder_version=&#8220;4.16&#8243; _module_preset=&#8220;default&#8220; global_colors_info=&#8220;{}&#8220;][\/et_pb_image][\/et_pb_column][et_pb_column type=&#8220;1_2&#8243; _builder_version=&#8220;4.16&#8243; _module_preset=&#8220;default&#8220; global_colors_info=&#8220;{}&#8220;][et_pb_text _builder_version=&#8220;4.17.1&#8243; _module_preset=&#8220;default&#8220; inline_fonts=&#8220;Allura,Alegreya Sans&#8220; global_colors_info=&#8220;{}&#8220;]<\/p>\n<p>Die deutschsprachige katholische Gemeinde &#8218;Sankt Barbara&#8216; feiert ihre Gottesdienste <strong>jeden Sonntag um 14.30 Uhr<\/strong> in der Krakauer Sankt Barbarakirche. Zu Hochfesten und speziellen Anl\u00e4ssen sind auch unter der Woche Gottesdienste m\u00f6glich.<\/p>\n<p>Vom Hauptmarkt (Rynek G\u0142\u00f3wny) kommend liegt die St. Barbarakirche rechts hinter der Marienkirche, das Portal befindet sich am Mariacki-Platz. Vom &#8222;Kleinen Markt&#8220; (Ma\u0142y Rynek) aus gelangt man \u00fcber einen kleinen Klosterinnenhof zum Seiteneingang der Kirche.<\/p>\n<p>[\/et_pb_text][\/et_pb_column][\/et_pb_row][et_pb_row _builder_version=&#8220;4.16&#8243; background_size=&#8220;initial&#8220; background_position=&#8220;top_left&#8220; background_repeat=&#8220;repeat&#8220; global_colors_info=&#8220;{}&#8220;][et_pb_column type=&#8220;4_4&#8243; _builder_version=&#8220;4.16&#8243; custom_padding=&#8220;|||&#8220; global_colors_info=&#8220;{}&#8220; custom_padding__hover=&#8220;|||&#8220;][et_pb_text _builder_version=&#8220;4.24.2&#8243; background_size=&#8220;initial&#8220; background_position=&#8220;top_left&#8220; background_repeat=&#8220;repeat&#8220; hover_enabled=&#8220;0&#8243; global_colors_info=&#8220;{}&#8220; sticky_enabled=&#8220;0&#8243;]<\/p>\n<p style=\"text-align: center\"><!-- divi:group --><\/p>\n<p style=\"text-align: center\"><!-- \/divi:group --><!-- divi:heading {\"align\":\"center\",\"level\":1} --><\/p>\n<h1 class=\"has-text-align-center\" style=\"text-align: center\"><span class=\"has-inline-color has-vivid-cyan-blue-color\" style=\"color: #000000\">M\u00e4rz 2024<\/span><\/h1>\n<p>[\/et_pb_text][\/et_pb_column][\/et_pb_row][et_pb_row _builder_version=&#8220;4.16&#8243; _module_preset=&#8220;default&#8220; global_colors_info=&#8220;{}&#8220;][et_pb_column type=&#8220;4_4&#8243; _builder_version=&#8220;4.16&#8243; _module_preset=&#8220;default&#8220; global_colors_info=&#8220;{}&#8220;][et_pb_text _builder_version=&#8220;4.24.2&#8243; _module_preset=&#8220;default&#8220; hover_enabled=&#8220;0&#8243; global_colors_info=&#8220;{}&#8220; sticky_enabled=&#8220;0&#8243;]<\/p>\n<p style=\"text-align: center\"><strong>Sonntag, 03.03.2024, 14.30 Uhr<\/strong><br \/>Dritter Fastensonntag<br \/>Texte: Ex 20, 1-17, 1 Kor 1, 22-25, Joh 2, 13-25<br \/><strong>Musik<\/strong><br \/>Cesar FRANCK (1822-1890)<br \/>Die Fuge, h-moll op. 18<br \/>Orgel, Kantor: Dr. \u0141ukasz Miko\u0142aj MATEJA <br \/>(Organist der deutschsprachigen Gemeinde seit 1997)<\/p>\n<p style=\"text-align: center\">-*-<\/p>\n<p style=\"text-align: center\"><strong>Sonntag, 10.03.2024, 14.30 Uhr<\/strong><br \/>4. Fastensonntag-Laetare<br \/>Texte: 2 Chr 36, 14-16.19-23, Eph 2, 4-10, Joh 3, 14-21<br \/><strong>Musik<\/strong><br \/>Johann Sebastian BACH (1685-1750)<br \/>Choral &#8222;O Mensch, bewein dein S\u00fcnde gro\u00df&#8220; BWV 622<br \/>Orgel, Kantor: Dr. \u0141ukasz Miko\u0142aj MATEJA<\/p>\n<p style=\"text-align: center\">-*-<\/p>\n<p style=\"text-align: center\"><strong>Sonntag, 17.03.2024, 14.30 Uhr<\/strong><br \/>5. Fastensonntag <br \/>Texte: Jer 31, 31-34, Hebr 5, 7-9, Joh 12, 20-33<br \/><strong>Musik<\/strong><br \/>Johann Sebastian BACH (1685-1750)<br \/>Konzert a-moll nach<br \/>A.Vivaldi BWV 593<br \/>Orgel, Kantor: Dr. \u0141ukasz Miko\u0142aj MATEJA<\/p>\n<p>[\/et_pb_text][\/et_pb_column][\/et_pb_row][et_pb_row _builder_version=&#8220;4.18.1&#8243; _module_preset=&#8220;default&#8220; global_colors_info=&#8220;{}&#8220;][et_pb_column type=&#8220;4_4&#8243; _builder_version=&#8220;4.18.1&#8243; _module_preset=&#8220;default&#8220; global_colors_info=&#8220;{}&#8220;][et_pb_image src=&#8220;https:\/\/gemeinde.jezuici.pl\/files\/2024\/02\/Plakat-24.03.2024-212&#215;300.jpg&#8220; alt=&#8220;Die \u00c4hrenleserinnen Jean-Fran\u00e7ois Millet&#8220; title_text=&#8220;Plakat 24.03.2024&#8243; url=&#8220;https:\/\/gemeinde.jezuici.pl\/files\/2024\/02\/Plakat-24.03.2024.jpg&#8220; align=&#8220;center&#8220; _builder_version=&#8220;4.24.2&#8243; _module_preset=&#8220;default&#8220; width=&#8220;40%&#8220; hover_enabled=&#8220;0&#8243; global_colors_info=&#8220;{}&#8220; sticky_enabled=&#8220;0&#8243;][\/et_pb_image][et_pb_text _builder_version=&#8220;4.24.2&#8243; _module_preset=&#8220;default&#8220; hover_enabled=&#8220;0&#8243; global_colors_info=&#8220;{}&#8220; sticky_enabled=&#8220;0&#8243;][\/et_pb_text][et_pb_text _builder_version=&#8220;4.24.2&#8243; _module_preset=&#8220;default&#8220; hover_enabled=&#8220;0&#8243; global_colors_info=&#8220;{}&#8220; sticky_enabled=&#8220;0&#8243;]<\/p>\n<p style=\"text-align: center\"><strong>Sonntag, 24.03.2024, 14.30 Uhr<\/strong><br \/>Palmsonntag <br \/>Texte: Jes 50, 4-7, Phil 2, 6-11, Mk 11, 1-10 <br \/><strong>KONZERTMESSE (GEMEINDETREFF)<\/strong><br \/>Z U M S E C H ST E N T O D E S T A G <br \/>V O N P A T E R K R Z Y S Z T O F W A \u0141 C Z Y K<br \/>(01.12.1962-25.03.2018)<br \/>Karin WIKTOR-KA\u0141UCKA \u2013 Sopran<br \/>Agnieszka CZ\u0104STKA-NIEZG\u00d3DKA \u2013 Alt<br \/>KRAKAUER KAMMERENSAMBLE <br \/>(Drei\u00dfig Jahre Krakauer Kammerensemble 1994-2024)<br \/>Katarzyna MATEJA &#8211; Violine<br \/>Jakub MICHALAK &#8211; 2. Violine<br \/>Anna G\u0118GOTEK &#8211; Viola<br \/>Ewa WOJS\u0141AW-BOBER &#8211; Cello<br \/>Dr. \u0141ukasz Miko\u0142aj MATEJA &#8211; Orgel, Musikleiter<\/p>\n<p style=\"text-align: center\">-*-<\/p>\n<p style=\"text-align: center\"><strong>Sonntag, 31.03.2024, 14.30 Uhr<\/strong><br \/>Ostersonntag <br \/>Texte: Apg 10, 34a.37-43, Kol 3, 1-4, Joh 20, 1-9<br \/><strong>Musik<\/strong><br \/>Johann Sebastian BACH (1685-1750)<br \/>Choral \u201eChristum wir sollen<br \/>loben schon\u201c BWV 611<br \/>Orgel, Kantor: Dr. \u0141ukasz Miko\u0142aj MATEJA<\/p>\n<p>[\/et_pb_text][\/et_pb_column][\/et_pb_row][et_pb_row _builder_version=&#8220;4.16&#8243; _module_preset=&#8220;default&#8220; global_colors_info=&#8220;{}&#8220;][et_pb_column type=&#8220;4_4&#8243; _builder_version=&#8220;4.16&#8243; _module_preset=&#8220;default&#8220; global_colors_info=&#8220;{}&#8220;][et_pb_text _builder_version=&#8220;4.17.4&#8243; _module_preset=&#8220;default&#8220; global_colors_info=&#8220;{}&#8220;]<\/p>\n<p>Die Lesung auf Deutsch: <a href=\"http:\/\/erzabtei-beuron.de\/schott\/index.php\" target=\"_blank\" rel=\"noreferrer noopener\">www.erzabtei-beuron.de\/schot<\/a><\/p>\n<p>Die Lesung auf Polnisch: <a href=\"http:\/\/www.mateusz.pl\/czytania\/\" target=\"_blank\" rel=\"noreferrer noopener\">www.mateusz.pl\/czytania<\/a><\/p>\n<p>[\/et_pb_text][\/et_pb_column][\/et_pb_row][\/et_pb_section]<\/p>\n","protected":false},"excerpt":{"rendered":"<p>Die deutschsprachige katholische Gemeinde &#8218;Sankt Barbara&#8216; feiert ihre Gottesdienste jeden Sonntag um 14.30 Uhr in der Krakauer Sankt Barbarakirche. Zu Hochfesten und speziellen Anl\u00e4ssen sind auch unter der Woche Gottesdienste m\u00f6glich. Vom Hauptmarkt (Rynek G\u0142\u00f3wny) kommend liegt die St. Barbarakirche rechts hinter der Marienkirche, das Portal befindet sich am Mariacki-Platz. Vom &#8222;Kleinen Markt&#8220; (Ma\u0142y Rynek) [&hellip;]<\/p>\n","protected":false},"author":2,"featured_media":6436,"parent":0,"menu_order":1,"comment_status":"closed","ping_status":"closed","template":"","meta":{"_et_pb_use_builder":"on","_et_pb_old_content":"<!-- wp:group -->\r\n<div class=\"wp-block-group\"><div class=\"wp-block-group__inner-container\"><!-- wp:group -->\r\n<div class=\"wp-block-group\"><div class=\"wp-block-group__inner-container\"><!-- wp:media-text {\"mediaId\":2998,\"mediaLink\":\"https:\/\/www.gemeinde.jezuici.pl\/?attachment_id=2998\",\"mediaType\":\"image\",\"mediaWidth\":44} -->\r\n<div class=\"wp-block-media-text alignwide is-stacked-on-mobile\" style=\"grid-template-columns:44% auto\"><figure class=\"wp-block-media-text__media\"><img src=\"https:\/\/www.gemeinde.jezuici.plezuici.pl\/wp-content\/blogs.dir\/133\/files\/2019\/11\/aushang_st_barbara_dark-724x1024.jpg\" alt=\"Deutschsprachige Gottesdienste in der Sankt Barbara Kirche\" class=\"wp-image-2998\"\/><\/figure><div class=\"wp-block-media-text__content\"><!-- wp:paragraph {\"dropCap\":true,\"placeholder\":\"Inhalt\u2026\"} -->\r\n<p class=\"has-drop-cap\">Die deutschsprachige katholische Gemeinde 'Sankt Barbara' feiert ihre Gottesdienste jeden <strong>Sonntag<\/strong> um <strong>14.30 Uhr<\/strong> in der Krakauer Sankt Barbarakirche. Aktuell d\u00fcrfen pro Messe 40 Personen in den Kirchenraum, es ist\u00a0 dadurch wieder m\u00f6glich, als hiesige deutschsprachige Gemeinde den Gottesdienst vor Ort zu feiern. <\/p>\r\n<!-- \/wp:paragraph -->\r\n\r\n<!-- wp:paragraph -->\r\n<p>Vom Hauptmarkt (Rynek G\u0142\u00f3wny) kommend liegt die St. Barbarakirche rechts hinter der Marienkirche, das Portal befindet sich am Mariacki-Platz. Vom \"Kleinen Markt\" (Ma\u0142y Rynek) aus gelangt man \u00fcber einen kleinen Klosterinnenhof zum Seiteneingang der Kirche.<\/p>\r\n<!-- \/wp:paragraph --><\/div><\/div>\r\n<!-- \/wp:media-text --><\/div><\/div>\r\n<!-- \/wp:group -->\r\n\r\n<!-- wp:paragraph -->\r\n<p><\/p>\r\n<!-- \/wp:paragraph -->\r\n\r\n<!-- wp:paragraph -->\r\n<p><\/p>\r\n<!-- \/wp:paragraph -->\r\n\r\n<!-- wp:paragraph -->\r\n<p><\/p>\r\n<!-- \/wp:paragraph --><\/div><\/div>\r\n<!-- \/wp:group -->\r\n\r\n<!-- wp:heading {\"align\":\"center\",\"level\":1} -->\r\n<h1 class=\"has-text-align-center\"><span class=\"has-inline-color has-vivid-cyan-blue-color\">Mai 2020<\/span><\/h1>\r\n<!-- \/wp:heading -->\r\n\r\n<!-- wp:paragraph {\"align\":\"center\"} -->\r\n<p class=\"has-text-align-center\"><strong>Sonntag, 03.05.2020, 14.30 Uhr<\/strong><br>4. Sonntag im Jahreskreis<br>Texte: Apg 2, 14a.36-41, 1 Petr 2, 20b-25, Joh 10, 1-10<br><strong>Musik<\/strong><br>Johann Sebastian BACH (1685-1750): Toccata d-moll BWV 565<br>Orgel, Kantor: \u0141ukasz Miko\u0142aj Mateja<\/p>\r\n<!-- \/wp:paragraph -->\r\n\r\n<!-- wp:paragraph {\"align\":\"center\"} -->\r\n<p class=\"has-text-align-center\">-*-<\/p>\r\n<!-- \/wp:paragraph -->\r\n\r\n<!-- wp:paragraph {\"align\":\"center\"} -->\r\n<p class=\"has-text-align-center\"><strong>Sonntag, 10.05.2020, 14.30 Uhr<\/strong><br>5. Sonntag im Jahreskreis<br>Texte: Apg 6, 1-7, 1 Petr 2, 4-9, Joh 14, 1-12<br><strong>Musik<\/strong><br>Johann Sebastian BACH (1685-1750): Adagio BWV 564<br>Orgel, Kantor: \u0141ukasz Miko\u0142aj Mateja<\/p>\r\n<!-- \/wp:paragraph -->\r\n\r\n<!-- wp:paragraph {\"align\":\"center\"} -->\r\n<p class=\"has-text-align-center\">-*-<\/p>\r\n<!-- \/wp:paragraph -->\r\n\r\n<!-- wp:paragraph {\"align\":\"center\"} -->\r\n<p class=\"has-text-align-center\"><strong>Sonntag, 17.05.2020, 14.30 Uhr<\/strong><br>6. Sonntag im Jahreskreis<br>Texte: Apg 8, 5-8.14-17, 1 Petr 3, 15-18, Joh 14, 15-21<br><strong>Musik<\/strong><br>Johann Sebastian BACH: Choral \"Christ lag in Todesbanden\" BWV 625<br>Orgel, Kantor: \u0141ukasz Miko\u0142aj Mateja<\/p>\r\n<!-- \/wp:paragraph -->\r\n\r\n<!-- wp:paragraph {\"align\":\"center\"} -->\r\n<p class=\"has-text-align-center\">-*-<\/p>\r\n<!-- \/wp:paragraph -->\r\n\r\n<!-- wp:paragraph {\"align\":\"center\"} -->\r\n<p class=\"has-text-align-center\"><strong>Sonntag, 24.05.2020, 14.30 Uhr<\/strong><br>7. Sonntag im Jahreskreis<br>Texte: Apg 1, 12-14, 1 Petr 4, 13-16, Joh 17, 1-11a<br><strong>Musik<\/strong><br>Johann Sebastian BACH: Choral-Trio \"Wer nur den lieben Gott l\u00e4sst walten\"<br>Orgel, Kantor: \u0141ukasz Miko\u0142aj Mateja<\/p>\r\n<!-- \/wp:paragraph -->\r\n\r\n<!-- wp:paragraph {\"align\":\"center\"} -->\r\n<p class=\"has-text-align-center\">-*-<\/p>\r\n<!-- \/wp:paragraph -->\r\n\r\n<!-- wp:paragraph {\"align\":\"center\"} -->\r\n<p class=\"has-text-align-center\"><strong>Sonntag, 31.05.2020, 14.30 Uhr<\/strong><br>Pfingstsonntag<br>Texte: Apg 2, 1-11,1 Kor 12, 3b-7.12-13, Joh 20, 19-23<br><strong>Musik<\/strong><br>Johann Sebastian BACH: Choral \"Komm, Gott, Sch\u00f6pfer, Heiliger Geist\" BWV 667<br>Orgel, Kantor: \u0141ukasz Miko\u0142aj Mateja<\/p>\r\n<!-- \/wp:paragraph -->\r\n\r\n<!-- wp:paragraph -->\r\n<p><\/p>\r\n<!-- \/wp:paragraph -->\r\n\r\n<!-- wp:preformatted -->\r\n<pre class=\"wp-block-preformatted\">Die Lesung auf Deutsch: <a rel=\"noreferrer noopener\" href=\"http:\/\/erzabtei-beuron.de\/schott\/index.php\" target=\"_blank\">www.erzabtei-beuron.de\/schot<\/a><br>Die Lesung auf Polnisch: <a rel=\"noreferrer noopener\" href=\"http:\/\/www.mateusz.pl\/czytania\/\" target=\"_blank\">www.mateusz.pl\/czytania<\/a><\/pre>\r\n<!-- \/wp:preformatted -->\r\n\r\n<!-- wp:paragraph -->\r\n<p><\/p>\r\n<!-- \/wp:paragraph -->","_et_gb_content_width":"793","ngg_post_thumbnail":0,"footnotes":""},"class_list":["post-16","page","type-page","status-publish","has-post-thumbnail","hentry"],"_links":{"self":[{"href":"https:\/\/gemeinde.jezuici.pl\/index.php?rest_route=\/wp\/v2\/pages\/16","targetHints":{"allow":["GET"]}}],"collection":[{"href":"https:\/\/gemeinde.jezuici.pl\/index.php?rest_route=\/wp\/v2\/pages"}],"about":[{"href":"https:\/\/gemeinde.jezuici.pl\/index.php?rest_route=\/wp\/v2\/types\/page"}],"author":[{"embeddable":true,"href":"https:\/\/gemeinde.jezuici.pl\/index.php?rest_route=\/wp\/v2\/users\/2"}],"replies":[{"embeddable":true,"href":"https:\/\/gemeinde.jezuici.pl\/index.php?rest_route=%2Fwp%2Fv2%2Fcomments&post=16"}],"version-history":[{"count":401,"href":"https:\/\/gemeinde.jezuici.pl\/index.php?rest_route=\/wp\/v2\/pages\/16\/revisions"}],"predecessor-version":[{"id":6445,"href":"https:\/\/gemeinde.jezuici.pl\/index.php?rest_route=\/wp\/v2\/pages\/16\/revisions\/6445"}],"wp:featuredmedia":[{"embeddable":true,"href":"https:\/\/gemeinde.jezuici.pl\/index.php?rest_route=\/wp\/v2\/media\/6436"}],"wp:attachment":[{"href":"https:\/\/gemeinde.jezuici.pl\/index.php?rest_route=%2Fwp%2Fv2%2Fmedia&parent=16"}],"curies":[{"name":"wp","href":"https:\/\/api.w.org\/{rel}","templated":true}]}}